{"id":2,"date":"2025-02-17T12:43:56","date_gmt":"2025-02-17T12:43:56","guid":{"rendered":"https:\/\/tionija.hr\/?page_id=2"},"modified":"2025-11-07T19:15:49","modified_gmt":"2025-11-07T19:15:49","slug":"o-meni","status":"publish","type":"page","link":"https:\/\/tionija.hr\/index.php\/o-meni\/","title":{"rendered":"O meni"},"content":{"rendered":"\n<style>\n    @media (min-width: 1025px) {\n        .naslov {\n            margin-top: 20px;\n        }\n    }\n<\/style>\n\n<p class=\"naslov\" style=\"text-align: center; color: #7A8354; font-size: 25px; font-weight: 700;\">\n    Tko sam ja i za\u0161to bi ba\u0161 meni pri\u010dao\/la o sebi? \n<\/p>\n\n\n\n<div style=\"max-width: 700px; margin: 0 auto; text-align: justify;\">Ja sam Ivana Paulus, ro\u0111ena 1984. godine u Zagrebu, edukant psihoterapije pod supervizijom (kibernetika i sistemska terapija), osoba kojoj \u0107e\u0161 re\u0107i stvari koje mo\u017eda nikada nisi rekao\/la nikome. I ne, ne\u0107u se \u0161okirati, ne\u0107u osu\u0111ivati i ne\u0107u ti re\u0107i \u201eMa, sve \u0107e biti u redu\u201d samo da bi se bolje osje\u0107ao\/la. Volim izazove i vjerujem da se rast doga\u0111a izvan zone komfora. Ako tra\u017ei\u0161 nekoga tko \u0107e samo kimati i potvr\u0111ivati tvoje rije\u010di \u2013 vjerojatno nisam najbolji izbor. Ako \u017eeli\u0161 iskren, otvoren i podr\u017eavaju\u0107i razgovor koji \u0107e ne\u0161to promijeniti, onda ima smisla da se upoznamo.\u200b\u200b<\/p>\n\n\n\n<div style=\"max-width: 700px; display: flex; align-items: center; gap: 20px; margin: 0 auto;\">\n    <!-- Tekst s lijeve strane -->\n    <div style=\"width: 70%; text-align: justify; color: #7A8354;\">\n        <p>Ne\u0107u te osu\u0111ivati \u2013 ovo je prostor za razumijevanje.<\/p>\n        <p>Ne\u0107u te tje\u0161iti bez razloga, ali \u0107u biti tu da te podr\u017eim.<\/p>\n        <p>Ne\u0107u ti davati gotove savjete, ali \u0107u ti pomo\u0107i da sam\/a do\u0111e\u0161 do njih.<\/p>\n    <\/div>\n\n    <!-- Slika s desne strane -->\n    <img decoding=\"async\" src=\"https:\/\/tionija.hr\/wp-content\/uploads\/2025\/11\/Remove-background-project-e1762542718500.png\" \n         alt=\"Opis slike\" style=\"width: 30%; height: auto;\">\n<\/div>\n\n\n\n<style>\n    @media (min-width: 1025px) {\n        .naslov {\n            margin-top: 40px;\n        }\n    }\n<\/style>\n\n<p class=\"naslov\" style=\"text-align: center; color: #7A8354; font-size: 25px; font-weight: 700;\">\n    Obrazovanje i edukacije\n<\/p>\n\n\n\n<div style=\"max-width: 700px; margin: 0 auto; text-align: justify;\">\n    <ul style=\"margin-bottom: 20px; list-style-type: disc; padding-left: 20px;\">\n        <li>Ekonomski fakultet, Zagreb<\/li>\n        <li>Propedeutika psihoterapije <a href=\"https:\/\/www.amigdalacentar.hr\/\" target=\"_blank\" rel=\"noopener\">Amigdala<\/a>, Zagreb<\/li>\n        <li>Psihijatrijska praksa, Klinika za psihijatriju, &#8220;Sv. Ivan&#8221;, Zagreb<\/li>\n        <li>Psihijatrijska praksa, Psihijatrijska bolnica Lopa\u010da, Rijeka<\/li>\n        <li>Psihijatrijska praksa, Op\u0107a \u017eupanijska bolnica, Na\u0161ice<\/li>\n        <li>Ljetna \u0161kola psihoterapije Salutogeneza, Na\u0161ice<\/li>\n        <li>Psihosocijalna praksa, Klub lije\u010denih alkoholi\u010dara Utrine, Zagreb<\/li>\n        <li>\u0160kola kibernetike i sistemske terapije, Rijeka &#8211; u tijeku<\/li>\n        <li>LQ Leadership akademija, Zagreb<\/li>\n    <\/ul>\n<\/div>\n","protected":false},"excerpt":{"rendered":"<p>Tko sam ja i za\u0161to bi ba\u0161 meni pri\u010dao\/la o sebi? Ja sam Ivana Paulus, ro\u0111ena 1984. godine u Zagrebu, edukant psihoterapije pod supervizijom (kibernetika i sistemska terapija), osoba kojoj \u0107e\u0161 re\u0107i stvari koje mo\u017eda nikada nisi rekao\/la nikome. I ne, ne\u0107u se \u0161okirati, ne\u0107u osu\u0111ivati i ne\u0107u ti re\u0107i \u201eMa, sve \u0107e biti u [&hellip;]<\/p>\n","protected":false},"author":1,"featured_media":0,"parent":0,"menu_order":2,"comment_status":"closed","ping_status":"open","template":"elementor_theme","meta":{"footnotes":""},"class_list":["post-2","page","type-page","status-publish","hentry","entry"],"_links":{"self":[{"href":"https:\/\/tionija.hr\/index.php\/wp-json\/wp\/v2\/pages\/2","targetHints":{"allow":["GET"]}}],"collection":[{"href":"https:\/\/tionija.hr\/index.php\/wp-json\/wp\/v2\/pages"}],"about":[{"href":"https:\/\/tionija.hr\/index.php\/wp-json\/wp\/v2\/types\/page"}],"author":[{"embeddable":true,"href":"https:\/\/tionija.hr\/index.php\/wp-json\/wp\/v2\/users\/1"}],"replies":[{"embeddable":true,"href":"https:\/\/tionija.hr\/index.php\/wp-json\/wp\/v2\/comments?post=2"}],"version-history":[{"count":78,"href":"https:\/\/tionija.hr\/index.php\/wp-json\/wp\/v2\/pages\/2\/revisions"}],"predecessor-version":[{"id":1298,"href":"https:\/\/tionija.hr\/index.php\/wp-json\/wp\/v2\/pages\/2\/revisions\/1298"}],"wp:attachment":[{"href":"https:\/\/tionija.hr\/index.php\/wp-json\/wp\/v2\/media?parent=2"}],"curies":[{"name":"wp","href":"https:\/\/api.w.org\/{rel}","templated":true}]}}