{"id":202,"date":"2025-02-20T19:24:44","date_gmt":"2025-02-20T19:24:44","guid":{"rendered":"https:\/\/tionija.hr\/index.php\/peregrine\/"},"modified":"2025-03-02T22:19:05","modified_gmt":"2025-03-02T22:19:05","slug":"dobrodosli-u-tionija-osobni-rast-kroz-terapijski-rad-online-psihoterapija","status":"publish","type":"page","link":"https:\/\/tionija.hr\/","title":{"rendered":"Po\u010detna"},"content":{"rendered":"<div class=\"wp-block-image\">\n<figure class=\"aligncenter size-large is-resized\"><img fetchpriority=\"high\" decoding=\"async\" width=\"1024\" height=\"534\" src=\"https:\/\/tionija.hr\/wp-content\/uploads\/2025\/02\/ti-oni-ja-web-slogan-1-1024x534.png\" alt=\"\" class=\"wp-image-198\" style=\"width:322px;height:auto\" srcset=\"https:\/\/tionija.hr\/wp-content\/uploads\/2025\/02\/ti-oni-ja-web-slogan-1-1024x534.png 1024w, https:\/\/tionija.hr\/wp-content\/uploads\/2025\/02\/ti-oni-ja-web-slogan-1-300x156.png 300w, https:\/\/tionija.hr\/wp-content\/uploads\/2025\/02\/ti-oni-ja-web-slogan-1-768x400.png 768w, https:\/\/tionija.hr\/wp-content\/uploads\/2025\/02\/ti-oni-ja-web-slogan-1.png 1080w\" sizes=\"(max-width: 1024px) 100vw, 1024px\" \/><\/figure>\n<\/div>\n\n\n<div class=\"wp-block-cover\" style=\"min-height:929px;aspect-ratio:unset;\"><span aria-hidden=\"true\" class=\"wp-block-cover__background has-background-dim-70 has-background-dim\"><\/span><img decoding=\"async\" width=\"1024\" height=\"1024\" class=\"wp-block-cover__image-background wp-image-102\" alt=\"\" src=\"https:\/\/tionija.hr\/wp-content\/uploads\/2025\/02\/woods-1024x1024.png\" data-object-fit=\"cover\" srcset=\"https:\/\/tionija.hr\/wp-content\/uploads\/2025\/02\/woods-1024x1024.png 1024w, https:\/\/tionija.hr\/wp-content\/uploads\/2025\/02\/woods-300x300.png 300w, https:\/\/tionija.hr\/wp-content\/uploads\/2025\/02\/woods-150x150.png 150w, https:\/\/tionija.hr\/wp-content\/uploads\/2025\/02\/woods-768x768.png 768w, https:\/\/tionija.hr\/wp-content\/uploads\/2025\/02\/woods.png 1080w\" sizes=\"(max-width: 1024px) 100vw, 1024px\" \/><div class=\"wp-block-cover__inner-container is-layout-flow wp-block-cover-is-layout-flow\">\n<p class=\"dobrodosli\" style=\"font-size: 35px; color: #7A8354; text-align: center; font-weight: 700;\">\n    Dobrodo\u0161li u prostor gdje se susre\u0107u TI, ONI i JA.\n<\/p>\n\n\n\n<p class=\"ti-oni-ja\" style=\"font-size: 30px; color: #cec7ba; text-align: center;\">\n    TI \u2013 tvoje misli, osje\u0107aji, odluke, granice<br>\n    ONI \u2013 svi odnosi, obrasci i iskustva koja su te oblikovala<br>\n    JA \u2013 ono \u0161to ostane kad maknemo o\u010dekivanja, pritiske i nau\u010dene reakcije\n<\/p>\n\n\n\n<div style=\"height:66px\" aria-hidden=\"true\" class=\"wp-block-spacer\"><\/div>\n\n\n\n<style>\n    @media (max-width: 768px) {\n        .larger-text { font-size: 25px !important; }\n    }\n<\/style>\n\n<p style=\"text-align: center; margin-bottom: 20px; margin-top:40px; color: #cec7ba;\">\n    Prava promjena po\u010dinje kad shvati\u0161 gdje zavr\u0161ava &#8220;oni&#8221; i po\u010dinje &#8220;ja&#8221;.\n<\/p>\n\n<p style=\"text-align: center; margin-bottom: 20px; color: #cec7ba;\">\n    Ovo nije instant rje\u0161enje. Nije motivacijski citat koji \u0107e te nakratko podi\u0107i, a onda ostaviti na istom mjestu.\n<\/p>\n\n<p class=\"larger-text\" style=\"text-align: center; margin-bottom: 20px; color: #cec7ba; font-size: 30px;\">\n    Ovo je proces.\n<\/p>\n\n<p style=\"text-align: center; margin-bottom: 20px; color: #cec7ba;\">\n    Ako tra\u017ei\u0161 prostor gdje mo\u017ee\u0161 stvarno razumjeti sebe, svoje obrasce i odnose s drugima \u2013 na pravom si mjestu.\n<\/p>\n\n<p style=\"text-align: center; margin-bottom: 20px; color: #cec7ba;\">\n    <b>TI\u2022ONI\u2022JA<\/b> nije \u010darobni \u0161tapi\u0107, ali je mjesto gdje mo\u017ee\u0161 stati, udahnuti i po\u010deti raspetljavati stvari. Ovdje ne dobiva\u0161 gotove odgovore, nego prostor za postavljanje pravih pitanja.\n<\/p>\n\n<p style=\"text-align: center; margin-bottom: 20px; color: #cec7ba;\">\n    Odnosi, unutarnji konflikti, stres, nesigurnosti, promjene \u2013 sve su to stvari koje oblikuju na\u0161u svakodnevicu. Nekad nas vode naprijed, nekad nas ko\u010de. A nekad jednostavno trebamo nekoga tko \u0107e nam pomo\u0107i vidjeti stvari jasnije.\n<\/p>\n\n<p class=\"larger-text\" style=\"text-align: center; margin-bottom: 20px; color: #cec7ba; font-size: 30px;\">\n    Zato sam tu.\n<\/p>\n\n\n\n<div style=\"text-align: center;\">\n    <a href=\"https:\/\/tionija.hr\/index.php\/kontakt\/\" style=\"display: inline-block; padding: 10px 20px; background-color: #7A8354; color: white; text-decoration: none; font-size: 18px; border-radius: 5px;\">\n        Javi mi se\n    <\/a>\n<\/div>\n<\/div><\/div>\n","protected":false},"excerpt":{"rendered":"","protected":false},"author":1,"featured_media":0,"parent":0,"menu_order":1,"comment_status":"closed","ping_status":"closed","template":"","meta":{"footnotes":""},"class_list":["post-202","page","type-page","status-publish","hentry","entry"],"_links":{"self":[{"href":"https:\/\/tionija.hr\/index.php\/wp-json\/wp\/v2\/pages\/202","targetHints":{"allow":["GET"]}}],"collection":[{"href":"https:\/\/tionija.hr\/index.php\/wp-json\/wp\/v2\/pages"}],"about":[{"href":"https:\/\/tionija.hr\/index.php\/wp-json\/wp\/v2\/types\/page"}],"author":[{"embeddable":true,"href":"https:\/\/tionija.hr\/index.php\/wp-json\/wp\/v2\/users\/1"}],"replies":[{"embeddable":true,"href":"https:\/\/tionija.hr\/index.php\/wp-json\/wp\/v2\/comments?post=202"}],"version-history":[{"count":74,"href":"https:\/\/tionija.hr\/index.php\/wp-json\/wp\/v2\/pages\/202\/revisions"}],"predecessor-version":[{"id":1057,"href":"https:\/\/tionija.hr\/index.php\/wp-json\/wp\/v2\/pages\/202\/revisions\/1057"}],"wp:attachment":[{"href":"https:\/\/tionija.hr\/index.php\/wp-json\/wp\/v2\/media?parent=202"}],"curies":[{"name":"wp","href":"https:\/\/api.w.org\/{rel}","templated":true}]}}