{"id":380,"date":"2025-02-20T23:06:25","date_gmt":"2025-02-20T23:06:25","guid":{"rendered":"https:\/\/tionija.hr\/?page_id=380"},"modified":"2025-10-18T20:49:24","modified_gmt":"2025-10-18T20:49:24","slug":"usluge","status":"publish","type":"page","link":"https:\/\/tionija.hr\/index.php\/usluge\/","title":{"rendered":"Usluge"},"content":{"rendered":"\n<h3 class=\"wp-block-heading has-text-align-center\">Usluge koje nudimo<\/h3>\n\n\n\n<div class=\"wp-block-cover has-custom-content-position is-position-top-center\" style=\"min-height:730px;aspect-ratio:unset;\"><img fetchpriority=\"high\" decoding=\"async\" width=\"1150\" height=\"1280\" class=\"wp-block-cover__image-background wp-image-1070\" alt=\"\" src=\"https:\/\/tionija.hr\/wp-content\/uploads\/2025\/03\/man-green.png\" style=\"object-position:14% 42%\" data-object-fit=\"cover\" data-object-position=\"14% 42%\" srcset=\"https:\/\/tionija.hr\/wp-content\/uploads\/2025\/03\/man-green.png 1150w, https:\/\/tionija.hr\/wp-content\/uploads\/2025\/03\/man-green-270x300.png 270w, https:\/\/tionija.hr\/wp-content\/uploads\/2025\/03\/man-green-920x1024.png 920w, https:\/\/tionija.hr\/wp-content\/uploads\/2025\/03\/man-green-768x855.png 768w\" sizes=\"(max-width: 1150px) 100vw, 1150px\" \/><span aria-hidden=\"true\" class=\"wp-block-cover__background has-background-dim-80 has-background-dim\" style=\"background-color:#061805\"><\/span><div class=\"wp-block-cover__inner-container is-layout-constrained wp-block-cover-is-layout-constrained\">\n<style>\n    @media (min-width: 1025px) {\n        .naslov {\n            margin-top: 40px;\n        }\n    }\n    \n    .naslov-container {\n        max-width: 600px;\n        margin: 0 auto;\n        text-align: left;\n    }\n<\/style>\n\n<div class=\"naslov-container\">\n    <p class=\"naslov\" style=\"color: #7A8354; font-size: 25px; font-weight: 700;\">\n        Psihoterapijski rad\n    <\/p>\n<\/div>\n\n\n\n<div style=\"max-width: 600px; margin: 0 auto; text-align: justify; color: #cec7ba; font-size:17px; line-height:1.8; font-family:inherit;\">\n    <ul style=\"margin-bottom: 20px; list-style-type: disc; padding-left: 20px;\">\n\n        <!-- Grupna podr\u0161ka -->\n        <li style=\"margin-bottom: 12px;\">\n            <span class=\"service-toggle\" onclick=\"toggleDescription('desc1')\">\n                Grupna podr\u0161ka kroz razvod &#8211; <strong style=\"color:#7A8354;\">\u017divot nakon njega<\/strong>\n            <\/span>\n            <a href=\"javascript:void(0);\" \n               onclick=\"document.getElementById('popupForm').style.display='block'\" \n               style=\"margin-left:10px; padding:6px 14px; background-color:#cec7ba; color:#061805; border:none; text-decoration:none; cursor:pointer; font-size:17px; font-family:inherit; border-radius:4px; white-space:nowrap;\">\n               Pretprijava\n            <\/a>\n            <div id=\"desc1\" style=\"display:none; margin-top:10px; color:#7A8354; font-size:12px;\">\n                Grupna podr\u0161ka namijenjena je \u017eenama koje su ili \u0107e uskoro biti u procesu razvoda braka. Grupe su sastavljene od 6-8 \u010dlanica i odvijaju se online. Trajanje jednog susreta je 90 min a sve \u0161to pri\u010damo u grupi ostaje strogo povjerljivo. Predvi\u0111eno trajanje ciklusa grupe (sa istim \u010dlanicama) je 8 susreta svaka 2 tjedna (predvi\u0111eno petkom poslijepodne), uz mogu\u0107nost produljenja ciklusa. Prije formiranja grupe sa svakom \u010dlanicom se dogovara individualni susret sa terapeutom u trajanju 30 min kako bismo se upoznale i utvrdile o\u010dekivanja od grupe podr\u0161ke. Cijena jednog susreta je 30 \u20ac a pla\u0107anje radimo po dogovoru (cijeli ciklus, mjese\u010dno ili po terminu). Cilj grupnog rada je osna\u017eenje i ohrabrenje \u017eene u ovom te\u0161kom razdoblju uz podr\u0161ku i razumijevanje onih koji i sami prolaze isto, te me\u0111usobna razmjena iskustva.\n            <\/div>\n        <\/li>\n\n        <!-- Individualna terapija -->\n        <li style=\"margin-bottom: 12px;\">\n            <span class=\"service-toggle\" onclick=\"toggleDescription('desc2')\">\n                <strong style=\"color:#7A8354;\">Individualna terapija<\/strong>\n            <\/span>\n            <a href=\"https:\/\/wa.me\/385915265399?text=Pozdrav,%20\u017eelim%20dogovoriti%20termin%20za%20individualnu%20terapiju.\" target=\"_blank\" style=\"margin-left:10px; padding:6px 14px; background-color:#cec7ba; color:#061805; border:none; text-decoration:none; cursor:pointer; font-size:17px; font-family:inherit; border-radius:4px; white-space:nowrap;\" rel=\"noopener\">\n               Dogovori termin\n            <\/a>\n            <div id=\"desc2\" style=\"display:none; margin-top:10px; color:#7A8354; font-size:12px;\">\n                Ako nisi nikad bio\/bila na terapiji prirodno je da ti psihoterapijski rad mo\u017ee zvu\u010dati stra\u0161no. U praksi to izgleda tako da se prvo upoznamo: TI pri\u010da\u0161, JA slu\u0161am i postavljam pitanja te definiramo smjer i dinamiku daljnjeg rada. Nema gotovih rje\u0161enja i radimo ono \u0161to je smisleno za tebe. Ne popravljamo te jer ti nisi pokvaren\/a nego zajedno tra\u017eimo na\u010dine da se bolje nosi\u0161 sa trenutnim okolnostima. Kroz terapijski rad \u0161irimo perspektive i istra\u017eujemo kako da se osje\u0107a\u0161 bolje.\n            <\/div>\n        <\/li>\n\n        <li>&#8220;Obi\u010dan razgovor&#8221;<\/li>\n        <li>Obiteljska terapija<\/li>\n        <li>K rje\u0161enju usmjerena terapija<\/li>\n        <li>Suradni\u010dka terapija<\/li>\n    <\/ul>\n<\/div>\n\n<!-- Popup obrazac -->\n<div id=\"popupForm\" style=\"display:none; position:fixed; z-index:1000; left:0; top:0; width:100%; height:100%; overflow:auto; background-color: rgba(0,0,0,0.5);\">\n    <div style=\"background-color:#CEC7BA; margin: 10% auto; padding: 20px; border-radius:10px; width:90%; max-width:500px; color:#061805; font-size:16px; font-family:inherit; line-height:1.5;\">\n        <span onclick=\"document.getElementById('popupForm').style.display='none'\" \n              style=\"float:right; cursor:pointer; font-weight:bold; font-size:18px;\">&times;<\/span>\n        <h2 style=\"margin-top:0;\">Pretprijava u grupu podr\u0161ke kroz razvod<\/h2>\n        \n<div class=\"wpcf7 no-js\" id=\"wpcf7-f1156-o1\" lang=\"hr\" dir=\"ltr\" data-wpcf7-id=\"1156\">\n<div class=\"screen-reader-response\"><p role=\"status\" aria-live=\"polite\" aria-atomic=\"true\"><\/p> <ul><\/ul><\/div>\n<form action=\"\/index.php\/wp-json\/wp\/v2\/pages\/380#wpcf7-f1156-o1\" method=\"post\" class=\"wpcf7-form init\" aria-label=\"Kontakt obrazac\" novalidate=\"novalidate\" data-status=\"init\">\n<fieldset class=\"hidden-fields-container\"><input type=\"hidden\" name=\"_wpcf7\" value=\"1156\" \/><input type=\"hidden\" name=\"_wpcf7_version\" value=\"6.1.5\" \/><input type=\"hidden\" name=\"_wpcf7_locale\" value=\"hr\" \/><input type=\"hidden\" name=\"_wpcf7_unit_tag\" value=\"wpcf7-f1156-o1\" \/><input type=\"hidden\" name=\"_wpcf7_container_post\" value=\"0\" \/><input type=\"hidden\" name=\"_wpcf7_posted_data_hash\" value=\"\" \/>\n<\/fieldset>\n<p><label> Tvoje ime<br \/>\n<span class=\"wpcf7-form-control-wrap\" data-name=\"your-name\"><input size=\"40\" maxlength=\"400\" class=\"wpcf7-form-control wpcf7-text wpcf7-validates-as-required\" autocomplete=\"name\" aria-required=\"true\" aria-invalid=\"false\" value=\"\" type=\"text\" name=\"your-name\" \/><\/span><br \/>\n<\/label>\n<\/p>\n<p><label> Tvoj e-mail<br \/>\n<span class=\"wpcf7-form-control-wrap\" data-name=\"your-email\"><input size=\"40\" maxlength=\"400\" class=\"wpcf7-form-control wpcf7-email wpcf7-validates-as-required wpcf7-text wpcf7-validates-as-email\" autocomplete=\"email\" aria-required=\"true\" aria-invalid=\"false\" value=\"\" type=\"email\" name=\"your-email\" \/><\/span><br \/>\n<\/label>\n<\/p>\n<p><label> Tvoj broj mobitela<br \/>\n<span class=\"wpcf7-form-control-wrap\" data-name=\"your-phone\"><input size=\"40\" maxlength=\"400\" class=\"wpcf7-form-control wpcf7-tel wpcf7-text wpcf7-validates-as-tel\" autocomplete=\"tel\" aria-invalid=\"false\" value=\"\" type=\"tel\" name=\"your-phone\" \/><\/span><br \/>\n<\/label>\n<\/p>\n<p><label> Status razvoda<br \/>\n<span class=\"wpcf7-form-control-wrap\" data-name=\"select-893\"><select class=\"wpcf7-form-control wpcf7-select wpcf7-validates-as-required Status razvoda\" aria-required=\"true\" aria-invalid=\"false\" name=\"select-893\"><option value=\"Razvod nije zapo\u010deo\">Razvod nije zapo\u010deo<\/option><option value=\"U procesu razvoda\">U procesu razvoda<\/option><option value=\"Nakon razvoda\">Nakon razvoda<\/option><\/select><\/span><br \/>\n<\/label>\n<\/p>\n<p><label> Kratki opis tvoje situacije:<br \/>\n<span class=\"wpcf7-form-control-wrap\" data-name=\"your-message\"><textarea cols=\"40\" rows=\"10\" maxlength=\"500\" class=\"wpcf7-form-control wpcf7-textarea\" aria-invalid=\"false\" placeholder=\"Max 500 znakova\" name=\"your-message\"><\/textarea><\/span><br \/>\n<\/label>\n<\/p>\n<p><input class=\"wpcf7-form-control wpcf7-submit has-spinner\" type=\"submit\" value=\"Po\u0161alji prijavu\" \/>\n<\/p><div class=\"wpcf7-response-output\" aria-hidden=\"true\"><\/div>\n<\/form>\n<\/div>\n\n    <\/div>\n<\/div>\n\n<script>\nfunction toggleDescription(id) {\n    var desc = document.getElementById(id);\n    desc.style.display = (desc.style.display === \"none\" || desc.style.display === \"\") ? \"block\" : \"none\";\n}\n\n\/\/ Klik izvan popup-a zatvara ga\nwindow.onclick = function(event) {\n    var popup = document.getElementById('popupForm');\n    if (event.target == popup) {\n        popup.style.display = \"none\";\n    }\n}\n<\/script>\n\n<style>\n.service-toggle:hover strong {\n    color: #061805; \/* Hover efekt samo za naziv usluge *\/\n}\n\n\/* Mobilna prilagodba *\/\n@media (max-width: 768px) {\n    div[style*=\"max-width: 600px\"] ul li {\n        font-size: 12px !important;\n        line-height: 1.6 !important;\n    }\n    div[style*=\"max-width: 600px\"] ul li .service-toggle {\n        display: block;\n        margin-bottom: 5px;\n        cursor: pointer;\n    }\n    div[style*=\"max-width: 600px\"] ul li a {\n        display: inline-block;\n        margin-left: 0 !important;\n        font-size: 16px !important;\n        padding: 6px 14px !important;\n        white-space: nowrap;\n    }\n}\n\/* Contact Form 7 polja: boja obruba #061805 *\/\n#popupForm .wpcf7 input,\n#popupForm .wpcf7 textarea,\n#popupForm .wpcf7 select {\n    border: 2px solid #061805 !important;\n    color: #061805 !important;\n}\n<\/style>\n\n\n\n<style>\n    @media (min-width: 1025px) {\n        .naslov {\n            margin-top: 60px;\n        }\n    }\n    \n    .naslov-container {\n        max-width: 600px;\n        margin: 0 auto;\n        text-align: left;\n    }\n<\/style>\n\n<div class=\"naslov-container\">\n    <p class=\"naslov\" style=\"color: #7A8354; font-size: 25px; font-weight: 700;\">\n        Radionice i edukacije\n    <\/p>\n<\/div>\n\n\n\n<div style=\"max-width: 600px; margin: 0 auto; text-align: justify; color: #cec7ba;\">\n    <ul style=\"margin-bottom: 20px; list-style-type: disc; padding-left: 20px;\">\n        <li>Izrada i provedba radionica s individualnim pristupom<\/li>\n        <li>Upravljanje vremenom<\/li>\n        <li>Korak po korak do cilja<\/li>\n        <li>Teme povezane sa leadershipom<\/li>\n    <\/ul>\n<\/div>\n\n\n\n<style>\n    @media (min-width: 1025px) {\n        .naslov {\n            margin-top: 60px;\n        }\n    }\n    \n    .naslov-container {\n        max-width: 600px;\n        margin: 0 auto;\n        text-align: left;\n    }\n<\/style>\n\n<div class=\"naslov-container\">\n    <p class=\"naslov\" style=\"color: #7A8354; font-size: 25px; font-weight: 700;\">\n        Business start-up\n    <\/p>\n<\/div>\n\n\n\n<div style=\"max-width: 600px; margin: 0 auto; text-align: justify; color: #cec7ba;\">\n    <ul style=\"margin-bottom: 20px; list-style-type: disc; padding-left: 20px;\">\n        <li>Razvoj i osmi\u0161ljavanje klju\u010dnih indikatora poslovanja<\/li>\n        <li>Organizacija i pra\u0107enje projekata<\/li>\n        <li>Grafi\u010dka priprema<\/li>\n        <li>Coaching<\/li>\n    <\/ul>\n<\/div>\n\n\n\n<style>\n    @media (min-width: 1025px) {\n        .naslov {\n            margin-top: 60px;\n        }\n    }\n    \n    .naslov-container {\n        max-width: 600px;\n        margin: 0 auto;\n        text-align: left;\n    }\n<\/style>\n\n<div class=\"naslov-container\">\n    <p class=\"naslov\" style=\"color: #7A8354; font-size: 25px; font-weight: 700;\">\n        Usluge ljudskih potencijala\n    <\/p>\n<\/div>\n\n\n\n<div style=\"max-width: 600px; margin: 0 auto; text-align: justify; color: #cec7ba;\">\n    <ul style=\"margin-bottom: 20px; list-style-type: disc; padding-left: 20px;\">\n        <li>&#8216;La\u017eni intervju&#8217; za posao &#8211; briljiraj na svom razgovoru<\/li>\n        <li>Selekcija i procjena kandidata<\/li>\n        <li>Razvoj kulture i organizacijskih timova<\/li>\n        <li>Kreiranje smjernica i uputa za rad<\/li>\n        <li>Kreiranje bonusnih sistema za djelatike<\/li>\n        <li>Pomo\u0107 pri izradi \u017eivotopisa i priprema za razgovor za posao<\/li>\n    <\/ul>\n<\/div>\n<\/div><\/div>\n\n\n\n<div style=\"height:70px\" aria-hidden=\"true\" class=\"wp-block-spacer\"><\/div>\n\n\n\n<h2 class=\"wp-block-heading has-text-align-center\">Ono \u0161to treba\u0161 nije na popisu usluga koje nudimo?<\/h2>\n\n\n\n<h2 class=\"wp-block-heading has-text-align-center\">Pitaj, i mo\u017eda ti mo\u017eemo pomo\u0107i.<\/h2>\n\n\n\n<div style=\"height:75px\" aria-hidden=\"true\" class=\"wp-block-spacer\"><\/div>\n","protected":false},"excerpt":{"rendered":"<p>Usluge koje nudimo Ono \u0161to treba\u0161 nije na popisu usluga koje nudimo? Pitaj, i mo\u017eda ti mo\u017eemo pomo\u0107i.<\/p>\n","protected":false},"author":1,"featured_media":0,"parent":0,"menu_order":0,"comment_status":"closed","ping_status":"closed","template":"elementor_theme","meta":{"footnotes":""},"class_list":["post-380","page","type-page","status-publish","hentry","entry"],"_links":{"self":[{"href":"https:\/\/tionija.hr\/index.php\/wp-json\/wp\/v2\/pages\/380","targetHints":{"allow":["GET"]}}],"collection":[{"href":"https:\/\/tionija.hr\/index.php\/wp-json\/wp\/v2\/pages"}],"about":[{"href":"https:\/\/tionija.hr\/index.php\/wp-json\/wp\/v2\/types\/page"}],"author":[{"embeddable":true,"href":"https:\/\/tionija.hr\/index.php\/wp-json\/wp\/v2\/users\/1"}],"replies":[{"embeddable":true,"href":"https:\/\/tionija.hr\/index.php\/wp-json\/wp\/v2\/comments?post=380"}],"version-history":[{"count":213,"href":"https:\/\/tionija.hr\/index.php\/wp-json\/wp\/v2\/pages\/380\/revisions"}],"predecessor-version":[{"id":1288,"href":"https:\/\/tionija.hr\/index.php\/wp-json\/wp\/v2\/pages\/380\/revisions\/1288"}],"wp:attachment":[{"href":"https:\/\/tionija.hr\/index.php\/wp-json\/wp\/v2\/media?parent=380"}],"curies":[{"name":"wp","href":"https:\/\/api.w.org\/{rel}","templated":true}]}}